{"id":1764,"date":"2021-10-18T14:15:11","date_gmt":"2021-10-18T14:15:11","guid":{"rendered":"https:\/\/twoducks.es\/?post_type=product&#038;p=1764"},"modified":"2021-10-18T23:19:54","modified_gmt":"2021-10-18T23:19:54","slug":"medalla-grabada-con-nombre","status":"publish","type":"product","link":"https:\/\/twoducks.es\/?product=medalla-grabada-con-nombre","title":{"rendered":"Medalla Grabada con Nombre"},"content":{"rendered":"","protected":false},"excerpt":{"rendered":"<p>El precio incluye <strong>UNA MEDALLA. <\/strong>Si quiere a\u00f1adir m\u00e1s cons\u00faltalo al finalizar su pedido.<\/p>\n<p>Graba el <strong>Nombre<\/strong> que quieras y elige si quieres con <strong>Hilo de Color\u00a0<\/strong> o <strong>Cadena<\/strong>.<\/p>\n<p>Disponible en Plata o Dorado chapado con 1 micra de oro<\/p>\n","protected":false},"featured_media":1765,"template":"","meta":{"site-sidebar-layout":"default","site-content-layout":"default","ast-site-content-layout":"default","site-content-style":"default","site-sidebar-style":"default","ast-global-header-display":"","ast-banner-title-visibility":"","ast-main-header-display":"","ast-hfb-above-header-display":"","ast-hfb-below-header-display":"","ast-hfb-mobile-header-display":"","site-post-title":"","ast-breadcrumbs-content":"","ast-featured-img":"","footer-sml-layout":"","ast-disable-related-posts":"","theme-transparent-header-meta":"default","adv-header-id-meta":"","stick-header-meta":"","header-above-stick-meta":"","header-main-stick-meta":"","header-below-stick-meta":"","astra-migrate-meta-layouts":"default","ast-page-background-enabled":"default","ast-page-background-meta":{"desktop":{"background-color":"var(--ast-global-color-4)","background-image":"","background-repeat":"repeat","background-position":"center center","background-size":"auto","background-attachment":"scroll","background-type":"","background-media":"","overlay-type":"","overlay-color":"","overlay-opacity":"","overlay-gradient":""},"tablet":{"background-color":"","background-image":"","background-repeat":"repeat","background-position":"center center","background-size":"auto","background-attachment":"scroll","background-type":"","background-media":"","overlay-type":"","overlay-color":"","overlay-opacity":"","overlay-gradient":""},"mobile":{"background-color":"","background-image":"","background-repeat":"repeat","background-position":"center center","background-size":"auto","background-attachment":"scroll","background-type":"","background-media":"","overlay-type":"","overlay-color":"","overlay-opacity":"","overlay-gradient":""}},"ast-content-background-meta":{"desktop":{"background-color":"var(--ast-global-color-5)","background-image":"","background-repeat":"repeat","background-position":"center center","background-size":"auto","background-attachment":"scroll","background-type":"","background-media":"","overlay-type":"","overlay-color":"","overlay-opacity":"","overlay-gradient":""},"tablet":{"background-color":"var(--ast-global-color-5)","background-image":"","background-repeat":"repeat","background-position":"center center","background-size":"auto","background-attachment":"scroll","background-type":"","background-media":"","overlay-type":"","overlay-color":"","overlay-opacity":"","overlay-gradient":""},"mobile":{"background-color":"var(--ast-global-color-5)","background-image":"","background-repeat":"repeat","background-position":"center center","background-size":"auto","background-attachment":"scroll","background-type":"","background-media":"","overlay-type":"","overlay-color":"","overlay-opacity":"","overlay-gradient":""}}},"product_brand":[],"product_cat":[23],"product_tag":[],"class_list":{"0":"post-1764","1":"product","2":"type-product","3":"status-publish","4":"has-post-thumbnail","6":"product_cat-personalizables","7":"desktop-align-left","8":"tablet-align-left","9":"mobile-align-left","11":"first","12":"instock","13":"shipping-taxable","14":"purchasable","15":"product-type-simple"},"_links":{"self":[{"href":"https:\/\/twoducks.es\/index.php?rest_route=\/wp\/v2\/product\/1764","targetHints":{"allow":["GET"]}}],"collection":[{"href":"https:\/\/twoducks.es\/index.php?rest_route=\/wp\/v2\/product"}],"about":[{"href":"https:\/\/twoducks.es\/index.php?rest_route=\/wp\/v2\/types\/product"}],"wp:featuredmedia":[{"embeddable":true,"href":"https:\/\/twoducks.es\/index.php?rest_route=\/wp\/v2\/media\/1765"}],"wp:attachment":[{"href":"https:\/\/twoducks.es\/index.php?rest_route=%2Fwp%2Fv2%2Fmedia&parent=1764"}],"wp:term":[{"taxonomy":"product_brand","embeddable":true,"href":"https:\/\/twoducks.es\/index.php?rest_route=%2Fwp%2Fv2%2Fproduct_brand&post=1764"},{"taxonomy":"product_cat","embeddable":true,"href":"https:\/\/twoducks.es\/index.php?rest_route=%2Fwp%2Fv2%2Fproduct_cat&post=1764"},{"taxonomy":"product_tag","embeddable":true,"href":"https:\/\/twoducks.es\/index.php?rest_route=%2Fwp%2Fv2%2Fproduct_tag&post=1764"}],"curies":[{"name":"wp","href":"https:\/\/api.w.org\/{rel}","templated":true}]}}