{"id":4648,"date":"2022-12-13T19:41:00","date_gmt":"2022-12-13T19:41:00","guid":{"rendered":"https:\/\/twoducks.es\/?post_type=product&#038;p=4648"},"modified":"2023-07-09T15:04:16","modified_gmt":"2023-07-09T15:04:16","slug":"prenda-personalizada","status":"publish","type":"product","link":"https:\/\/twoducks.es\/?product=prenda-personalizada","title":{"rendered":"Prenda Personalizada"},"content":{"rendered":"","protected":false},"excerpt":{"rendered":"<p>Proceda a indicar:<\/p>\n<ol>\n<li>TIPO DE PRENDA: SUDADERA SIN CAPUCHA, SUDADERA CON CAPUCHA.<\/li>\n<li>TALLA DE LA PRENDA<\/li>\n<li>COLOR DE LA PRENDA<\/li>\n<li>LETRA, NOMBRE O IMAGEN\u00a0 (Si se trata de una imagen deber\u00e1 ponerse en contacto con nosotros para el env\u00edo de la foto, podr\u00e1 hacerlo haciendo clic en el bot\u00f3n de &#8216;Finalizar pedido v\u00eda WhatsApp&#8217; despu\u00e9s de pagar el carrito)<\/li>\n<li>INDICAR SI PREFIERE BORDADO O ESTAMPADO<\/li>\n<li>COLOR DE LETRA O NOMBRE<\/li>\n<li>TE AYUDAREMOS A PERSONALIZAR TU PRENDA AL FINALIZAR TUPEDIDO VIA WHATSAPP.<\/li>\n<\/ol>\n","protected":false},"featured_media":4698,"template":"","meta":{"site-sidebar-layout":"default","site-content-layout":"default","ast-site-content-layout":"default","site-content-style":"default","site-sidebar-style":"default","ast-global-header-display":"","ast-banner-title-visibility":"","ast-main-header-display":"","ast-hfb-above-header-display":"","ast-hfb-below-header-display":"","ast-hfb-mobile-header-display":"","site-post-title":"","ast-breadcrumbs-content":"","ast-featured-img":"","footer-sml-layout":"","ast-disable-related-posts":"","theme-transparent-header-meta":"default","adv-header-id-meta":"","stick-header-meta":"","header-above-stick-meta":"","header-main-stick-meta":"","header-below-stick-meta":"","astra-migrate-meta-layouts":"default","ast-page-background-enabled":"default","ast-page-background-meta":{"desktop":{"background-color":"var(--ast-global-color-4)","background-image":"","background-repeat":"repeat","background-position":"center center","background-size":"auto","background-attachment":"scroll","background-type":"","background-media":"","overlay-type":"","overlay-color":"","overlay-opacity":"","overlay-gradient":""},"tablet":{"background-color":"","background-image":"","background-repeat":"repeat","background-position":"center center","background-size":"auto","background-attachment":"scroll","background-type":"","background-media":"","overlay-type":"","overlay-color":"","overlay-opacity":"","overlay-gradient":""},"mobile":{"background-color":"","background-image":"","background-repeat":"repeat","background-position":"center center","background-size":"auto","background-attachment":"scroll","background-type":"","background-media":"","overlay-type":"","overlay-color":"","overlay-opacity":"","overlay-gradient":""}},"ast-content-background-meta":{"desktop":{"background-color":"var(--ast-global-color-5)","background-image":"","background-repeat":"repeat","background-position":"center center","background-size":"auto","background-attachment":"scroll","background-type":"","background-media":"","overlay-type":"","overlay-color":"","overlay-opacity":"","overlay-gradient":""},"tablet":{"background-color":"var(--ast-global-color-5)","background-image":"","background-repeat":"repeat","background-position":"center center","background-size":"auto","background-attachment":"scroll","background-type":"","background-media":"","overlay-type":"","overlay-color":"","overlay-opacity":"","overlay-gradient":""},"mobile":{"background-color":"var(--ast-global-color-5)","background-image":"","background-repeat":"repeat","background-position":"center center","background-size":"auto","background-attachment":"scroll","background-type":"","background-media":"","overlay-type":"","overlay-color":"","overlay-opacity":"","overlay-gradient":""}}},"product_brand":[],"product_cat":[37],"product_tag":[],"class_list":{"0":"post-4648","1":"product","2":"type-product","3":"status-publish","4":"has-post-thumbnail","6":"product_cat-prendaspersonalizadas","7":"desktop-align-left","8":"tablet-align-left","9":"mobile-align-left","11":"first","12":"instock","13":"shipping-taxable","14":"purchasable","15":"product-type-simple"},"_links":{"self":[{"href":"https:\/\/twoducks.es\/index.php?rest_route=\/wp\/v2\/product\/4648","targetHints":{"allow":["GET"]}}],"collection":[{"href":"https:\/\/twoducks.es\/index.php?rest_route=\/wp\/v2\/product"}],"about":[{"href":"https:\/\/twoducks.es\/index.php?rest_route=\/wp\/v2\/types\/product"}],"wp:featuredmedia":[{"embeddable":true,"href":"https:\/\/twoducks.es\/index.php?rest_route=\/wp\/v2\/media\/4698"}],"wp:attachment":[{"href":"https:\/\/twoducks.es\/index.php?rest_route=%2Fwp%2Fv2%2Fmedia&parent=4648"}],"wp:term":[{"taxonomy":"product_brand","embeddable":true,"href":"https:\/\/twoducks.es\/index.php?rest_route=%2Fwp%2Fv2%2Fproduct_brand&post=4648"},{"taxonomy":"product_cat","embeddable":true,"href":"https:\/\/twoducks.es\/index.php?rest_route=%2Fwp%2Fv2%2Fproduct_cat&post=4648"},{"taxonomy":"product_tag","embeddable":true,"href":"https:\/\/twoducks.es\/index.php?rest_route=%2Fwp%2Fv2%2Fproduct_tag&post=4648"}],"curies":[{"name":"wp","href":"https:\/\/api.w.org\/{rel}","templated":true}]}}